{"id":870,"date":"2023-11-09T10:27:05","date_gmt":"2023-11-09T10:27:05","guid":{"rendered":"https:\/\/ynova.live-website.com\/?page_id=870"},"modified":"2023-11-09T14:32:06","modified_gmt":"2023-11-09T14:32:06","slug":"datenschutz","status":"publish","type":"page","link":"https:\/\/y-nova.de\/en\/datenschutz\/","title":{"rendered":"Datenschutz"},"content":{"rendered":"<div data-elementor-type=\"wp-page\" data-elementor-id=\"870\" class=\"elementor elementor-870\">\n\t\t\t\t\t\t\t<div class=\"elementor-element elementor-element-4210a9e e-flex e-con-boxed e-con e-parent\" data-id=\"4210a9e\" data-element_type=\"container\" data-settings=\"{&quot;content_width&quot;:&quot;boxed&quot;}\" data-core-v316-plus=\"true\">\n\t\t\t\t\t<div class=\"e-con-inner\">\n\t\t\t\t<div class=\"elementor-element elementor-element-3626cb8 elementor-widget elementor-widget-heading\" data-id=\"3626cb8\" data-element_type=\"widget\" data-widget_type=\"heading.default\">\n\t\t\t\t<div class=\"elementor-widget-container\">\n\t\t\t<style>\/*! elementor - v3.17.0 - 08-11-2023 *\/\n.elementor-heading-title{padding:0;margin:0;line-height:1}.elementor-widget-heading .elementor-heading-title[class*=elementor-size-]>a{color:inherit;font-size:inherit;line-height:inherit}.elementor-widget-heading .elementor-heading-title.elementor-size-small{font-size:15px}.elementor-widget-heading .elementor-heading-title.elementor-size-medium{font-size:19px}.elementor-widget-heading .elementor-heading-title.elementor-size-large{font-size:29px}.elementor-widget-heading .elementor-heading-title.elementor-size-xl{font-size:39px}.elementor-widget-heading .elementor-heading-title.elementor-size-xxl{font-size:59px}<\/style><h3 class=\"elementor-heading-title elementor-size-default\">Datenschutzerkl\u00e4rung & Cookies<\/h3>\t\t<\/div>\n\t\t\t\t<\/div>\n\t\t\t\t\t<\/div>\n\t\t\t\t<\/div>\n\t\t<div class=\"elementor-element elementor-element-82352ea e-flex e-con-boxed e-con e-parent\" data-id=\"82352ea\" data-element_type=\"container\" data-settings=\"{&quot;content_width&quot;:&quot;boxed&quot;}\" data-core-v316-plus=\"true\">\n\t\t\t\t\t<div class=\"e-con-inner\">\n\t\t\t\t<div class=\"elementor-element elementor-element-321880d elementor-widget elementor-widget-text-editor\" data-id=\"321880d\" data-element_type=\"widget\" data-widget_type=\"text-editor.default\">\n\t\t\t\t<div class=\"elementor-widget-container\">\n\t\t\t<style>\/*! elementor - v3.17.0 - 08-11-2023 *\/\n.elementor-widget-text-editor.elementor-drop-cap-view-stacked .elementor-drop-cap{background-color:#69727d;color:#fff}.elementor-widget-text-editor.elementor-drop-cap-view-framed .elementor-drop-cap{color:#69727d;border:3px solid;background-color:transparent}.elementor-widget-text-editor:not(.elementor-drop-cap-view-default) .elementor-drop-cap{margin-top:8px}.elementor-widget-text-editor:not(.elementor-drop-cap-view-default) .elementor-drop-cap-letter{width:1em;height:1em}.elementor-widget-text-editor .elementor-drop-cap{float:left;text-align:center;line-height:1;font-size:50px}.elementor-widget-text-editor .elementor-drop-cap-letter{display:inline-block}<\/style>\t\t\t\t<p><b>Datenschutzerkl\u00e4rung<\/b><br>Der Schutz Ihrer pers\u00f6nlichen Daten ist uns ein besonderes Anliegen. Wir verarbeiten Ihre Daten daher ausschlie\u00dflich auf Grundlage der gesetzlichen Bestimmungen (DSGVO, TKG 2003). In diesen Datenschutzinformationen informieren wir Sie \u00fcber die wichtigsten Aspekte der Datenverarbeitung im Rahmen unserer Website.<\/p>\n<p><b>Kontakt mit uns<\/b><br>Wenn Sie per Kontaktformular auf der Website oder per E-Mail Kontakt mit uns aufnehmen, werden Ihre angegebenen Daten zwecks Bearbeitung der Anfrage und f\u00fcr den Fall von Anschlussfragen bei uns gespeichert. Diese Daten werden bis auf Ihren schriftlichen Antrag zur L\u00f6schung bei uns gespeichert. Die Daten geben wir nicht ohne Ihre Einwilligung an Dritte weiter.<\/p>\n<p><b>Ihre Rechte:<\/b><br>Ihnen stehen grunds\u00e4tzlich die Rechte auf Auskunft, Berichtigung, L\u00f6schung, Einschr\u00e4nkung, Daten\u00fcbertragbarkeit, Widerruf und Widerspruch zu. Wenn Sie glauben, dass die Verarbeitung Ihrer Daten gegen das Datenschutzrecht verst\u00f6\u00dft oder Ihre datenschutzrechtlichen Anspr\u00fcche sonst in einer Weise verletzt worden sind, k\u00f6nnen Sie sich bei der Aufsichtsbeh\u00f6rde beschweren.<\/p>\n<p><b>Sie erreichen uns unter folgenden Kontaktdaten:<\/b><br>Julian Yassine<br>+49 (0)1516 858 1036<br><a href=\"mailto:info@y-nova.de\">info@y-nova.de<\/a><br>Max-Planck-Stra\u00dfe 4<br>47447 Moers<\/p>\n<p><b>Cookies<\/b><br>Unsere Website verwendet sogenannte Cookies. Dabei handelt es sich um kleine Textdateien, die mit Hilfe des Browsers auf Ihrem Endger\u00e4t abgelegt werden. Sie richten keinen Schaden an. Wir nutzen Cookies dazu, unser Angebot nutzerfreundlich zu gestalten. Einige Cookies bleiben auf Ihrem Endger\u00e4t gespeichert, bis Sie diese l\u00f6schen. Sie erm\u00f6glichen es uns, Ihren Browser beim n\u00e4chsten Besuch wiederzuerkennen. Wenn Sie dies nicht w\u00fcnschen, so k\u00f6nnen Sie Ihren Browser so einrichten, dass er Sie \u00fcber das Setzen von Cookies informiert und Sie dies nur im Einzelfall erlauben. Bei der Deaktivierung von Cookies kann die Funktionalit\u00e4t unserer Website eingeschr\u00e4nkt sein.<\/p>\n<p><b>Verschiedene Arten von Cookies<\/b><\/p>\n<p><b>Technische Cookies:<\/b><br>Diese beinhalten Daten, um die Funktionsweise und die vom Benutzer angeforderten Dienste auf der Website zu erm\u00f6glichen \u2013 Beispiele daf\u00fcr sind Anmeldefunktionen oder Sprachauswahlen. Ohne diese notwendigen technischen Cookies kann die Website nicht korrekt funktionieren.<\/p>\n<p><b>Profilierende Cookies:<\/b><br>Bei profilierenden Cookies handelt es sich um Aufzeichnungen der Navigation von Benutzern. Es wird ein Profil vom Seitenbesucher erstellt, welches Interessen, Gewohnheiten und Entscheidungen aus der Interaktion auf der Website ableitet. Somit k\u00f6nnen Produkte bzw. Werbungen, die den jeweiligen Benutzer ansprechen, angezeigt werden.<\/p>\n<p><b>Sitzungs-Cookie (lokal):<\/b><br>Es handelt sich um ein technisches Cookie mit einer Speicherfunktion der Handlungen des Benutzers innerhalb einer Website. Dieses wird beim Verlassen der Website gel\u00f6scht.<\/p>\n<p><b>Google Analytics:<\/b><br>Diese Website benutzt Google Analytics, einen Webanalysedienst der Google Inc, (1600 Amphitheatre Parkway Mountain View, CA 94043, USA; \u201eGoogle\u201c). Die Nutzung umfasst die Betriebsart \u201eUniversal Analytics\u201c. Hierdurch ist es m\u00f6glich, Daten, Sitzungen und Interaktionen \u00fcber mehrere Ger\u00e4te hinweg einer pseudonymen User-ID zuzuordnen und so die Aktivit\u00e4ten eines Nutzers ger\u00e4te\u00fcbergreifend zu analysieren.<\/p>\n<p>In diesen Zwecken liegt auch unser berechtigtes Interesse an der Datenverarbeitung. Die Datenverarbeitung erfolgt auf Basis der gesetzlichen Bestimmungen des \u00a7 96 Abs 3 TKG sowie des Art 6 Abs 1 lit a (Einwilligung) und\/oder f (berechtigtes Interesse) der DSGVO.<\/p>\n<p>Google Analytics verwendet sog. \u201eCookies\u201c, Textdateien, die auf Ihrem Computer gespeichert werden und die eine Analyse der Benutzung der Website durch Sie erm\u00f6glichen. Die durch das Cookie erzeugten Informationen \u00fcber Ihre Benutzung dieser Website werden in der Regel an einen Server von Google in den USA \u00fcbertragen und dort gespeichert. Google ist unter dem Privacy-Shield-Abkommen zertifiziert und bietet hierdurch eine Garantie, das europ\u00e4ische Datenschutzrecht einzuhalten (https:\/\/www.privacyshield.gov\/participant?id=a2zt000000001L5AAI&amp;status=Active).<\/p>\n<p>Wir haben die IP-Anonymisierung auf dieser Webseite aktiviert, so dass Ihre IP-Adresse von Google innerhalb von Mitgliedstaaten der Europ\u00e4ischen Union oder in anderen Vertragsstaaten des Abkommens \u00fcber den Europ\u00e4ischen Wirtschaftsraum zuvor gek\u00fcrzt wird. Nur in Ausnahmef\u00e4llen wird die volle IP-Adresse an einen Server von Google in den USA \u00fcbertragen und dort gek\u00fcrzt. Die im Rahmen von Google Analytics von Ihrem Browser \u00fcbermittelte IP-Adresse wird nicht mit anderen Daten von Google zusammengef\u00fchrt. Im Auftrag des Betreibers dieser Website wird Google diese Informationen benutzen, um Ihre Nutzung der Website auszuwerten, um Reports \u00fcber die Websiteaktivit\u00e4ten zusammenzustellen und um weitere mit der Websitenutzung und der Internetnutzung verbundene Dienstleistungen gegen\u00fcber dem Websitebetreiber zu erbringen.<\/p>\n<p>N\u00e4here Informationen zu Nutzungsbedingungen und Datenschutz finden Sie unter https:\/\/www.google.com\/analytics\/terms\/de.html bzw. unter https:\/\/policies.google.com\/?hl=de.<\/p>\n<p>Sie k\u00f6nnen die Speicherung der Cookies durch eine entsprechende Einstellung Ihrer Browser-Software verhindern. Wir weisen Sie jedoch darauf hin, dass Sie in diesem Fall gegebenenfalls nicht s\u00e4mtliche Funktionen dieser Website vollumf\u00e4nglich werden nutzen k\u00f6nnen. Sie k\u00f6nnen dar\u00fcber hinaus die Erfassung der durch das Cookie erzeugten und auf Ihre Nutzung der Website bezogenen Daten (inkl. Ihrer IP-Adresse) an Google sowie die Verarbeitung dieser Daten durch Google verhindern, indem Sie das Browser-Add-on (https:\/\/tools.google.com\/dlpage\/gaoptout?hl=de) herunterladen und installieren. Opt-Out-Cookies verhindern die zuk\u00fcnftige Erfassung Ihrer Daten beim Besuch dieser Website. Um die Erfassung durch Universal Analytics \u00fcber verschiedene Ger\u00e4te hinweg zu verhindern, m\u00fcssen Sie das Opt-Out auf allen genutzten Systemen durchf\u00fchren.<\/p>\t\t\t\t\t\t<\/div>\n\t\t\t\t<\/div>\n\t\t\t\t\t<\/div>\n\t\t\t\t<\/div>\n\t\t\t\t\t\t\t<\/div>","protected":false},"excerpt":{"rendered":"<p>Datenschutzerkl\u00e4rung &#038; Cookies Datenschutzerkl\u00e4rungDer Schutz Ihrer pers\u00f6nlichen Daten ist uns ein besonderes Anliegen. Wir verarbeiten Ihre Daten daher ausschlie\u00dflich auf Grundlage der gesetzlichen Bestimmungen (DSGVO, TKG 2003). In diesen Datenschutzinformationen informieren wir Sie \u00fcber die wichtigsten Aspekte der Datenverarbeitung im Rahmen unserer Website. Kontakt mit unsWenn Sie per Kontaktformular auf der Website oder per E-Mail &hellip;<\/p>\n<p class=\"read-more\"> <a class=\"\" href=\"https:\/\/y-nova.de\/en\/datenschutz\/\"> <span class=\"screen-reader-text\">Datenschutz<\/span> Read More &raquo;<\/a><\/p>","protected":false},"author":1,"featured_media":0,"parent":0,"menu_order":0,"comment_status":"closed","ping_status":"closed","template":"","meta":{"site-sidebar-layout":"no-sidebar","site-content-layout":"page-builder","ast-site-content-layout":"full-width-container","site-content-style":"default","site-sidebar-style":"default","ast-global-header-display":"","ast-banner-title-visibility":"","ast-main-header-display":"","ast-hfb-above-header-display":"","ast-hfb-below-header-display":"","ast-hfb-mobile-header-display":"","site-post-title":"disabled","ast-breadcrumbs-content":"","ast-featured-img":"disabled","footer-sml-layout":"","theme-transparent-header-meta":"","adv-header-id-meta":"","stick-header-meta":"","header-above-stick-meta":"","header-main-stick-meta":"","header-below-stick-meta":"","astra-migrate-meta-layouts":"","ast-page-background-enabled":"default","ast-page-background-meta":{"desktop":{"background-color":"","background-image":"","background-repeat":"repeat","background-position":"center center","background-size":"auto","background-attachment":"scroll","background-type":"","background-media":"","overlay-type":"","overlay-color":"","overlay-gradient":""},"tablet":{"background-color":"","background-image":"","background-repeat":"repeat","background-position":"center center","background-size":"auto","background-attachment":"scroll","background-type":"","background-media":"","overlay-type":"","overlay-color":"","overlay-gradient":""},"mobile":{"background-color":"","background-image":"","background-repeat":"repeat","background-position":"center center","background-size":"auto","background-attachment":"scroll","background-type":"","background-media":"","overlay-type":"","overlay-color":"","overlay-gradient":""}},"ast-content-background-meta":{"desktop":{"background-color":"var(--ast-global-color-5)","background-image":"","background-repeat":"repeat","background-position":"center center","background-size":"auto","background-attachment":"scroll","background-type":"","background-media":"","overlay-type":"","overlay-color":"","overlay-gradient":""},"tablet":{"background-color":"var(--ast-global-color-5)","background-image":"","background-repeat":"repeat","background-position":"center center","background-size":"auto","background-attachment":"scroll","background-type":"","background-media":"","overlay-type":"","overlay-color":"","overlay-gradient":""},"mobile":{"background-color":"var(--ast-global-color-5)","background-image":"","background-repeat":"repeat","background-position":"center center","background-size":"auto","background-attachment":"scroll","background-type":"","background-media":"","overlay-type":"","overlay-color":"","overlay-gradient":""}},"footnotes":""},"class_list":["post-870","page","type-page","status-publish","hentry"],"yoast_head":"<!-- This site is optimized with the Yoast SEO plugin v24.4 - https:\/\/yoast.com\/wordpress\/plugins\/seo\/ -->\n<title>Datenschutz - Y-NOVA<\/title>\n<meta name=\"robots\" content=\"index, follow, max-snippet:-1, max-image-preview:large, max-video-preview:-1\" \/>\n<link rel=\"canonical\" href=\"https:\/\/y-nova.de\/en\/datenschutz\/\" \/>\n<meta property=\"og:locale\" content=\"en_GB\" \/>\n<meta property=\"og:type\" content=\"article\" \/>\n<meta property=\"og:title\" content=\"Datenschutz - Y-NOVA\" \/>\n<meta property=\"og:description\" content=\"Datenschutzerkl\u00e4rung &#038; Cookies Datenschutzerkl\u00e4rungDer Schutz Ihrer pers\u00f6nlichen Daten ist uns ein besonderes Anliegen. Wir verarbeiten Ihre Daten daher ausschlie\u00dflich auf Grundlage der gesetzlichen Bestimmungen (DSGVO, TKG 2003). In diesen Datenschutzinformationen informieren wir Sie \u00fcber die wichtigsten Aspekte der Datenverarbeitung im Rahmen unserer Website. Kontakt mit unsWenn Sie per Kontaktformular auf der Website oder per E-Mail &hellip; Datenschutz Read More &raquo;\" \/>\n<meta property=\"og:url\" content=\"https:\/\/y-nova.de\/en\/datenschutz\/\" \/>\n<meta property=\"og:site_name\" content=\"Y-NOVA\" \/>\n<meta property=\"article:modified_time\" content=\"2023-11-09T14:32:06+00:00\" \/>\n<meta name=\"twitter:card\" content=\"summary_large_image\" \/>\n<meta name=\"twitter:label1\" content=\"Estimated reading time\" \/>\n\t<meta name=\"twitter:data1\" content=\"4 minutes\" \/>\n<script type=\"application\/ld+json\" class=\"yoast-schema-graph\">{\"@context\":\"https:\/\/schema.org\",\"@graph\":[{\"@type\":\"WebPage\",\"@id\":\"https:\/\/y-nova.de\/datenschutz\/\",\"url\":\"https:\/\/y-nova.de\/datenschutz\/\",\"name\":\"Datenschutz - Y-NOVA\",\"isPartOf\":{\"@id\":\"https:\/\/y-nova.de\/#website\"},\"datePublished\":\"2023-11-09T10:27:05+00:00\",\"dateModified\":\"2023-11-09T14:32:06+00:00\",\"breadcrumb\":{\"@id\":\"https:\/\/y-nova.de\/datenschutz\/#breadcrumb\"},\"inLanguage\":\"en-GB\",\"potentialAction\":[{\"@type\":\"ReadAction\",\"target\":[\"https:\/\/y-nova.de\/datenschutz\/\"]}]},{\"@type\":\"BreadcrumbList\",\"@id\":\"https:\/\/y-nova.de\/datenschutz\/#breadcrumb\",\"itemListElement\":[{\"@type\":\"ListItem\",\"position\":1,\"name\":\"Startseite\",\"item\":\"https:\/\/y-nova.de\/\"},{\"@type\":\"ListItem\",\"position\":2,\"name\":\"Datenschutz\"}]},{\"@type\":\"WebSite\",\"@id\":\"https:\/\/y-nova.de\/#website\",\"url\":\"https:\/\/y-nova.de\/\",\"name\":\"Y-NOVA\",\"description\":\"SAP-Beratung\",\"publisher\":{\"@id\":\"https:\/\/y-nova.de\/#organization\"},\"potentialAction\":[{\"@type\":\"SearchAction\",\"target\":{\"@type\":\"EntryPoint\",\"urlTemplate\":\"https:\/\/y-nova.de\/?s={search_term_string}\"},\"query-input\":{\"@type\":\"PropertyValueSpecification\",\"valueRequired\":true,\"valueName\":\"search_term_string\"}}],\"inLanguage\":\"en-GB\"},{\"@type\":\"Organization\",\"@id\":\"https:\/\/y-nova.de\/#organization\",\"name\":\"Y-NOVA\",\"url\":\"https:\/\/y-nova.de\/\",\"logo\":{\"@type\":\"ImageObject\",\"inLanguage\":\"en-GB\",\"@id\":\"https:\/\/y-nova.de\/#\/schema\/logo\/image\/\",\"url\":\"https:\/\/y-nova.de\/wp-content\/uploads\/2023\/11\/vkt_Y-NOVA_white.svg\",\"contentUrl\":\"https:\/\/y-nova.de\/wp-content\/uploads\/2023\/11\/vkt_Y-NOVA_white.svg\",\"width\":1251,\"height\":164,\"caption\":\"Y-NOVA\"},\"image\":{\"@id\":\"https:\/\/y-nova.de\/#\/schema\/logo\/image\/\"},\"sameAs\":[\"https:\/\/www.xing.com\/profile\/Julian_Yassine\/cv\",\"https:\/\/www.freelancermap.de\/profil\/sap-sd-berater-231409\"]}]}<\/script>\n<!-- \/ Yoast SEO plugin. -->","yoast_head_json":{"title":"Datenschutz - Y-NOVA","robots":{"index":"index","follow":"follow","max-snippet":"max-snippet:-1","max-image-preview":"max-image-preview:large","max-video-preview":"max-video-preview:-1"},"canonical":"https:\/\/y-nova.de\/en\/datenschutz\/","og_locale":"en_GB","og_type":"article","og_title":"Datenschutz - Y-NOVA","og_description":"Datenschutzerkl\u00e4rung &#038; Cookies Datenschutzerkl\u00e4rungDer Schutz Ihrer pers\u00f6nlichen Daten ist uns ein besonderes Anliegen. Wir verarbeiten Ihre Daten daher ausschlie\u00dflich auf Grundlage der gesetzlichen Bestimmungen (DSGVO, TKG 2003). In diesen Datenschutzinformationen informieren wir Sie \u00fcber die wichtigsten Aspekte der Datenverarbeitung im Rahmen unserer Website. Kontakt mit unsWenn Sie per Kontaktformular auf der Website oder per E-Mail &hellip; Datenschutz Read More &raquo;","og_url":"https:\/\/y-nova.de\/en\/datenschutz\/","og_site_name":"Y-NOVA","article_modified_time":"2023-11-09T14:32:06+00:00","twitter_card":"summary_large_image","twitter_misc":{"Estimated reading time":"4 minutes"},"schema":{"@context":"https:\/\/schema.org","@graph":[{"@type":"WebPage","@id":"https:\/\/y-nova.de\/datenschutz\/","url":"https:\/\/y-nova.de\/datenschutz\/","name":"Datenschutz - Y-NOVA","isPartOf":{"@id":"https:\/\/y-nova.de\/#website"},"datePublished":"2023-11-09T10:27:05+00:00","dateModified":"2023-11-09T14:32:06+00:00","breadcrumb":{"@id":"https:\/\/y-nova.de\/datenschutz\/#breadcrumb"},"inLanguage":"en-GB","potentialAction":[{"@type":"ReadAction","target":["https:\/\/y-nova.de\/datenschutz\/"]}]},{"@type":"BreadcrumbList","@id":"https:\/\/y-nova.de\/datenschutz\/#breadcrumb","itemListElement":[{"@type":"ListItem","position":1,"name":"Startseite","item":"https:\/\/y-nova.de\/"},{"@type":"ListItem","position":2,"name":"Datenschutz"}]},{"@type":"WebSite","@id":"https:\/\/y-nova.de\/#website","url":"https:\/\/y-nova.de\/","name":"Y-NOVA","description":"SAP-Beratung","publisher":{"@id":"https:\/\/y-nova.de\/#organization"},"potentialAction":[{"@type":"SearchAction","target":{"@type":"EntryPoint","urlTemplate":"https:\/\/y-nova.de\/?s={search_term_string}"},"query-input":{"@type":"PropertyValueSpecification","valueRequired":true,"valueName":"search_term_string"}}],"inLanguage":"en-GB"},{"@type":"Organization","@id":"https:\/\/y-nova.de\/#organization","name":"Y-NOVA","url":"https:\/\/y-nova.de\/","logo":{"@type":"ImageObject","inLanguage":"en-GB","@id":"https:\/\/y-nova.de\/#\/schema\/logo\/image\/","url":"https:\/\/y-nova.de\/wp-content\/uploads\/2023\/11\/vkt_Y-NOVA_white.svg","contentUrl":"https:\/\/y-nova.de\/wp-content\/uploads\/2023\/11\/vkt_Y-NOVA_white.svg","width":1251,"height":164,"caption":"Y-NOVA"},"image":{"@id":"https:\/\/y-nova.de\/#\/schema\/logo\/image\/"},"sameAs":["https:\/\/www.xing.com\/profile\/Julian_Yassine\/cv","https:\/\/www.freelancermap.de\/profil\/sap-sd-berater-231409"]}]}},"_links":{"self":[{"href":"https:\/\/y-nova.de\/en\/wp-json\/wp\/v2\/pages\/870","targetHints":{"allow":["GET"]}}],"collection":[{"href":"https:\/\/y-nova.de\/en\/wp-json\/wp\/v2\/pages"}],"about":[{"href":"https:\/\/y-nova.de\/en\/wp-json\/wp\/v2\/types\/page"}],"author":[{"embeddable":true,"href":"https:\/\/y-nova.de\/en\/wp-json\/wp\/v2\/users\/1"}],"replies":[{"embeddable":true,"href":"https:\/\/y-nova.de\/en\/wp-json\/wp\/v2\/comments?post=870"}],"version-history":[{"count":0,"href":"https:\/\/y-nova.de\/en\/wp-json\/wp\/v2\/pages\/870\/revisions"}],"wp:attachment":[{"href":"https:\/\/y-nova.de\/en\/wp-json\/wp\/v2\/media?parent=870"}],"curies":[{"name":"wp","href":"https:\/\/api.w.org\/{rel}","templated":true}]}}