{"id":869,"date":"2023-11-09T10:27:05","date_gmt":"2023-11-09T10:27:05","guid":{"rendered":"https:\/\/ynova.live-website.com\/?page_id=869"},"modified":"2025-11-26T13:51:24","modified_gmt":"2025-11-26T13:51:24","slug":"impressum","status":"publish","type":"page","link":"https:\/\/y-nova.de\/en\/impressum\/","title":{"rendered":"Imprint"},"content":{"rendered":"<div data-elementor-type=\"wp-page\" data-elementor-id=\"869\" class=\"elementor elementor-869\">\n\t\t\t\t\t\t\t<div class=\"elementor-element elementor-element-642f476 e-flex e-con-boxed e-con e-parent\" data-id=\"642f476\" data-element_type=\"container\" data-settings=\"{&quot;content_width&quot;:&quot;boxed&quot;}\" data-core-v316-plus=\"true\">\n\t\t\t\t\t<div class=\"e-con-inner\">\n\t\t\t\t<div class=\"elementor-element elementor-element-2c3340f elementor-widget elementor-widget-heading\" data-id=\"2c3340f\" data-element_type=\"widget\" data-widget_type=\"heading.default\">\n\t\t\t\t<div class=\"elementor-widget-container\">\n\t\t\t<style>\/*! elementor - v3.17.0 - 08-11-2023 *\/\n.elementor-heading-title{padding:0;margin:0;line-height:1}.elementor-widget-heading .elementor-heading-title[class*=elementor-size-]>a{color:inherit;font-size:inherit;line-height:inherit}.elementor-widget-heading .elementor-heading-title.elementor-size-small{font-size:15px}.elementor-widget-heading .elementor-heading-title.elementor-size-medium{font-size:19px}.elementor-widget-heading .elementor-heading-title.elementor-size-large{font-size:29px}.elementor-widget-heading .elementor-heading-title.elementor-size-xl{font-size:39px}.elementor-widget-heading .elementor-heading-title.elementor-size-xxl{font-size:59px}<\/style><h2 class=\"elementor-heading-title elementor-size-default\">Imprint<\/h2>\t\t<\/div>\n\t\t\t\t<\/div>\n\t\t\t\t<div class=\"elementor-element elementor-element-857b4f1 elementor-widget elementor-widget-text-editor\" data-id=\"857b4f1\" data-element_type=\"widget\" data-widget_type=\"text-editor.default\">\n\t\t\t\t<div class=\"elementor-widget-container\">\n\t\t\t<style>\/*! elementor - v3.17.0 - 08-11-2023 *\/\n.elementor-widget-text-editor.elementor-drop-cap-view-stacked .elementor-drop-cap{background-color:#69727d;color:#fff}.elementor-widget-text-editor.elementor-drop-cap-view-framed .elementor-drop-cap{color:#69727d;border:3px solid;background-color:transparent}.elementor-widget-text-editor:not(.elementor-drop-cap-view-default) .elementor-drop-cap{margin-top:8px}.elementor-widget-text-editor:not(.elementor-drop-cap-view-default) .elementor-drop-cap-letter{width:1em;height:1em}.elementor-widget-text-editor .elementor-drop-cap{float:left;text-align:center;line-height:1;font-size:50px}.elementor-widget-text-editor .elementor-drop-cap-letter{display:inline-block}<\/style>\t\t\t\t<div class=\"wpb_text_column\"><div class=\"wpb_wrapper\"><h5>Angaben gem\u00e4\u00df \u00a7 5 TMG<\/h5><\/div><\/div><div class=\"w-post-elm post_content\"><p>Y-NOVA GmbH<br \/>Max-Planck-Stra\u00dfe 4<br \/>D-47447 Moers<\/p><p>Tel: + 49 1516 \/ 858 1036<br \/>info@y-nova.de<\/p><p>Handelsregister Kleve Nr. HRB 19140<\/p><p>Gesch\u00e4ftsf\u00fchrer:<br \/>Julian Yassine<\/p><p>Verantwortlich f\u00fcr den Inhalt nach \u00a7 55 Abs. 2 RStV:<br \/>Julian Yassine<\/p><p>Haftung f\u00fcr Inhalte<br \/>Als Diensteanbieter sind wir gem\u00e4\u00df \u00a7 7 Abs.1 TMG f\u00fcr eigene Inhalte auf diesen Seiten nach den allgemeinen Gesetzen verantwortlich. Nach \u00a7\u00a7 8 bis 10 TMG sind wir als Diensteanbieter jedoch nicht verpflichtet, \u00fcbermittelte oder gespeicherte fremde Informationen zu \u00fcberwachen oder nach Umst\u00e4nden zu forschen, die auf eine rechtswidrige T\u00e4tigkeit hinweisen.<br \/>Verpflichtungen zur Entfernung oder Sperrung der Nutzung von Informationen nach den allgemeinen Gesetzen bleiben hiervon unber\u00fchrt. Eine diesbez\u00fcgliche Haftung ist jedoch erst ab dem Zeitpunkt der Kenntnis einer konkreten Rechtsverletzung m\u00f6glich. Bei Bekanntwerden von entsprechenden Rechtsverletzungen werden wir diese Inhalte umgehend entfernen.<\/p><p>Haftung f\u00fcr Links<br \/>Unser Angebot enth\u00e4lt Links zu externen Websites Dritter, auf deren Inhalte wir keinen Einfluss haben. Deshalb k\u00f6nnen wir f\u00fcr diese fremden Inhalte auch keine Gew\u00e4hr \u00fcbernehmen. F\u00fcr die Inhalte der verlinkten Seiten ist stets der jeweilige Anbieter oder Betreiber der Seiten verantwortlich. Die verlinkten Seiten wurden zum Zeitpunkt der Verlinkung auf m\u00f6gliche Rechtsverst\u00f6\u00dfe \u00fcberpr\u00fcft. Rechtswidrige Inhalte waren zum Zeitpunkt der Verlinkung nicht erkennbar.<br \/>Eine permanente inhaltliche Kontrolle der verlinkten Seiten ist jedoch ohne konkrete Anhaltspunkte einer Rechtsverletzung nicht zumutbar. Bei Bekanntwerden von Rechtsverletzungen werden wir derartige Links umgehend entfernen.<\/p><p>Urheberrecht<br \/>Die durch Y-NOVA UG (haftungsbeschr\u00e4nkt) erstellten Inhalte und Werke auf den Seiten unterliegen dem deutschen Urheberrecht. Die Vervielf\u00e4ltigung, Bearbeitung, Verbreitung und jede Art der Verwertung au\u00dferhalb der Grenzen des Urheberrechtes bed\u00fcrfen der schriftlichen Zustimmung des jeweiligen Autors bzw. Erstellers. Downloads und Kopien dieser Seite sind nur f\u00fcr den privaten, nicht kommerziellen Gebrauch gestattet.<br \/>Soweit die Inhalte auf dieser Seite nicht vom Betreiber erstellt wurden, werden die Urheberrechte Dritter beachtet. Insbesondere werden Inhalte Dritter als solche gekennzeichnet.<\/p><\/div>\t\t\t\t\t\t<\/div>\n\t\t\t\t<\/div>\n\t\t\t\t\t<\/div>\n\t\t\t\t<\/div>\n\t\t\t\t\t\t\t<\/div>","protected":false},"excerpt":{"rendered":"<p>Impressum Angaben gem\u00e4\u00df \u00a7 5 TMG Y-NOVA GmbHMax-Planck-Stra\u00dfe 4D-47447 Moers Tel: + 49 1516 \/ 858 1036info@y-nova.de Handelsregister Kleve Nr. HRB 19140 Gesch\u00e4ftsf\u00fchrer:Julian Yassine Verantwortlich f\u00fcr den Inhalt nach \u00a7 55 Abs. 2 RStV:Julian Yassine Haftung f\u00fcr InhalteAls Diensteanbieter sind wir gem\u00e4\u00df \u00a7 7 Abs.1 TMG f\u00fcr eigene Inhalte auf diesen Seiten nach den allgemeinen &hellip;<\/p>\n<p class=\"read-more\"> <a class=\"\" href=\"https:\/\/y-nova.de\/en\/impressum\/\"> <span class=\"screen-reader-text\">Imprint<\/span> Read More &raquo;<\/a><\/p>","protected":false},"author":1,"featured_media":0,"parent":0,"menu_order":0,"comment_status":"closed","ping_status":"closed","template":"","meta":{"site-sidebar-layout":"no-sidebar","site-content-layout":"page-builder","ast-site-content-layout":"full-width-container","site-content-style":"unboxed","site-sidebar-style":"unboxed","ast-global-header-display":"","ast-banner-title-visibility":"","ast-main-header-display":"","ast-hfb-above-header-display":"","ast-hfb-below-header-display":"","ast-hfb-mobile-header-display":"","site-post-title":"disabled","ast-breadcrumbs-content":"","ast-featured-img":"disabled","footer-sml-layout":"","theme-transparent-header-meta":"","adv-header-id-meta":"","stick-header-meta":"","header-above-stick-meta":"","header-main-stick-meta":"","header-below-stick-meta":"","astra-migrate-meta-layouts":"set","ast-page-background-enabled":"default","ast-page-background-meta":{"desktop":{"background-color":"","background-image":"","background-repeat":"repeat","background-position":"center center","background-size":"auto","background-attachment":"scroll","background-type":"","background-media":"","overlay-type":"","overlay-color":"","overlay-gradient":""},"tablet":{"background-color":"","background-image":"","background-repeat":"repeat","background-position":"center center","background-size":"auto","background-attachment":"scroll","background-type":"","background-media":"","overlay-type":"","overlay-color":"","overlay-gradient":""},"mobile":{"background-color":"","background-image":"","background-repeat":"repeat","background-position":"center center","background-size":"auto","background-attachment":"scroll","background-type":"","background-media":"","overlay-type":"","overlay-color":"","overlay-gradient":""}},"ast-content-background-meta":{"desktop":{"background-color":"var(--ast-global-color-5)","background-image":"","background-repeat":"repeat","background-position":"center center","background-size":"auto","background-attachment":"scroll","background-type":"","background-media":"","overlay-type":"","overlay-color":"","overlay-gradient":""},"tablet":{"background-color":"var(--ast-global-color-5)","background-image":"","background-repeat":"repeat","background-position":"center center","background-size":"auto","background-attachment":"scroll","background-type":"","background-media":"","overlay-type":"","overlay-color":"","overlay-gradient":""},"mobile":{"background-color":"var(--ast-global-color-5)","background-image":"","background-repeat":"repeat","background-position":"center center","background-size":"auto","background-attachment":"scroll","background-type":"","background-media":"","overlay-type":"","overlay-color":"","overlay-gradient":""}},"footnotes":""},"class_list":["post-869","page","type-page","status-publish","hentry"],"yoast_head":"<!-- This site is optimized with the Yoast SEO plugin v24.4 - https:\/\/yoast.com\/wordpress\/plugins\/seo\/ -->\n<title>Impressum - Y-NOVA<\/title>\n<meta name=\"robots\" content=\"index, follow, max-snippet:-1, max-image-preview:large, max-video-preview:-1\" \/>\n<link rel=\"canonical\" href=\"https:\/\/y-nova.de\/en\/impressum\/\" \/>\n<meta property=\"og:locale\" content=\"en_GB\" \/>\n<meta property=\"og:type\" content=\"article\" \/>\n<meta property=\"og:title\" content=\"Impressum - Y-NOVA\" \/>\n<meta property=\"og:description\" content=\"Impressum Angaben gem\u00e4\u00df \u00a7 5 TMG Y-NOVA GmbHMax-Planck-Stra\u00dfe 4D-47447 Moers Tel: + 49 1516 \/ 858 1036info@y-nova.de Handelsregister Kleve Nr. HRB 19140 Gesch\u00e4ftsf\u00fchrer:Julian Yassine Verantwortlich f\u00fcr den Inhalt nach \u00a7 55 Abs. 2 RStV:Julian Yassine Haftung f\u00fcr InhalteAls Diensteanbieter sind wir gem\u00e4\u00df \u00a7 7 Abs.1 TMG f\u00fcr eigene Inhalte auf diesen Seiten nach den allgemeinen &hellip; Impressum Read More &raquo;\" \/>\n<meta property=\"og:url\" content=\"https:\/\/y-nova.de\/en\/impressum\/\" \/>\n<meta property=\"og:site_name\" content=\"Y-NOVA\" \/>\n<meta property=\"article:modified_time\" content=\"2025-11-26T13:51:24+00:00\" \/>\n<meta name=\"twitter:card\" content=\"summary_large_image\" \/>\n<meta name=\"twitter:label1\" content=\"Estimated reading time\" \/>\n\t<meta name=\"twitter:data1\" content=\"2 minutes\" \/>\n<script type=\"application\/ld+json\" class=\"yoast-schema-graph\">{\"@context\":\"https:\/\/schema.org\",\"@graph\":[{\"@type\":\"WebPage\",\"@id\":\"https:\/\/y-nova.de\/impressum\/\",\"url\":\"https:\/\/y-nova.de\/impressum\/\",\"name\":\"Impressum - Y-NOVA\",\"isPartOf\":{\"@id\":\"https:\/\/y-nova.de\/#website\"},\"datePublished\":\"2023-11-09T10:27:05+00:00\",\"dateModified\":\"2025-11-26T13:51:24+00:00\",\"breadcrumb\":{\"@id\":\"https:\/\/y-nova.de\/impressum\/#breadcrumb\"},\"inLanguage\":\"en-GB\",\"potentialAction\":[{\"@type\":\"ReadAction\",\"target\":[\"https:\/\/y-nova.de\/impressum\/\"]}]},{\"@type\":\"BreadcrumbList\",\"@id\":\"https:\/\/y-nova.de\/impressum\/#breadcrumb\",\"itemListElement\":[{\"@type\":\"ListItem\",\"position\":1,\"name\":\"Startseite\",\"item\":\"https:\/\/y-nova.de\/\"},{\"@type\":\"ListItem\",\"position\":2,\"name\":\"Impressum\"}]},{\"@type\":\"WebSite\",\"@id\":\"https:\/\/y-nova.de\/#website\",\"url\":\"https:\/\/y-nova.de\/\",\"name\":\"Y-NOVA\",\"description\":\"SAP-Beratung\",\"publisher\":{\"@id\":\"https:\/\/y-nova.de\/#organization\"},\"potentialAction\":[{\"@type\":\"SearchAction\",\"target\":{\"@type\":\"EntryPoint\",\"urlTemplate\":\"https:\/\/y-nova.de\/?s={search_term_string}\"},\"query-input\":{\"@type\":\"PropertyValueSpecification\",\"valueRequired\":true,\"valueName\":\"search_term_string\"}}],\"inLanguage\":\"en-GB\"},{\"@type\":\"Organization\",\"@id\":\"https:\/\/y-nova.de\/#organization\",\"name\":\"Y-NOVA\",\"url\":\"https:\/\/y-nova.de\/\",\"logo\":{\"@type\":\"ImageObject\",\"inLanguage\":\"en-GB\",\"@id\":\"https:\/\/y-nova.de\/#\/schema\/logo\/image\/\",\"url\":\"https:\/\/y-nova.de\/wp-content\/uploads\/2023\/11\/vkt_Y-NOVA_white.svg\",\"contentUrl\":\"https:\/\/y-nova.de\/wp-content\/uploads\/2023\/11\/vkt_Y-NOVA_white.svg\",\"width\":1251,\"height\":164,\"caption\":\"Y-NOVA\"},\"image\":{\"@id\":\"https:\/\/y-nova.de\/#\/schema\/logo\/image\/\"},\"sameAs\":[\"https:\/\/www.xing.com\/profile\/Julian_Yassine\/cv\",\"https:\/\/www.freelancermap.de\/profil\/sap-sd-berater-231409\"]}]}<\/script>\n<!-- \/ Yoast SEO plugin. -->","yoast_head_json":{"title":"Impressum - Y-NOVA","robots":{"index":"index","follow":"follow","max-snippet":"max-snippet:-1","max-image-preview":"max-image-preview:large","max-video-preview":"max-video-preview:-1"},"canonical":"https:\/\/y-nova.de\/en\/impressum\/","og_locale":"en_GB","og_type":"article","og_title":"Impressum - Y-NOVA","og_description":"Impressum Angaben gem\u00e4\u00df \u00a7 5 TMG Y-NOVA GmbHMax-Planck-Stra\u00dfe 4D-47447 Moers Tel: + 49 1516 \/ 858 1036info@y-nova.de Handelsregister Kleve Nr. HRB 19140 Gesch\u00e4ftsf\u00fchrer:Julian Yassine Verantwortlich f\u00fcr den Inhalt nach \u00a7 55 Abs. 2 RStV:Julian Yassine Haftung f\u00fcr InhalteAls Diensteanbieter sind wir gem\u00e4\u00df \u00a7 7 Abs.1 TMG f\u00fcr eigene Inhalte auf diesen Seiten nach den allgemeinen &hellip; Impressum Read More &raquo;","og_url":"https:\/\/y-nova.de\/en\/impressum\/","og_site_name":"Y-NOVA","article_modified_time":"2025-11-26T13:51:24+00:00","twitter_card":"summary_large_image","twitter_misc":{"Estimated reading time":"2 minutes"},"schema":{"@context":"https:\/\/schema.org","@graph":[{"@type":"WebPage","@id":"https:\/\/y-nova.de\/impressum\/","url":"https:\/\/y-nova.de\/impressum\/","name":"Impressum - Y-NOVA","isPartOf":{"@id":"https:\/\/y-nova.de\/#website"},"datePublished":"2023-11-09T10:27:05+00:00","dateModified":"2025-11-26T13:51:24+00:00","breadcrumb":{"@id":"https:\/\/y-nova.de\/impressum\/#breadcrumb"},"inLanguage":"en-GB","potentialAction":[{"@type":"ReadAction","target":["https:\/\/y-nova.de\/impressum\/"]}]},{"@type":"BreadcrumbList","@id":"https:\/\/y-nova.de\/impressum\/#breadcrumb","itemListElement":[{"@type":"ListItem","position":1,"name":"Startseite","item":"https:\/\/y-nova.de\/"},{"@type":"ListItem","position":2,"name":"Impressum"}]},{"@type":"WebSite","@id":"https:\/\/y-nova.de\/#website","url":"https:\/\/y-nova.de\/","name":"Y-NOVA","description":"SAP-Beratung","publisher":{"@id":"https:\/\/y-nova.de\/#organization"},"potentialAction":[{"@type":"SearchAction","target":{"@type":"EntryPoint","urlTemplate":"https:\/\/y-nova.de\/?s={search_term_string}"},"query-input":{"@type":"PropertyValueSpecification","valueRequired":true,"valueName":"search_term_string"}}],"inLanguage":"en-GB"},{"@type":"Organization","@id":"https:\/\/y-nova.de\/#organization","name":"Y-NOVA","url":"https:\/\/y-nova.de\/","logo":{"@type":"ImageObject","inLanguage":"en-GB","@id":"https:\/\/y-nova.de\/#\/schema\/logo\/image\/","url":"https:\/\/y-nova.de\/wp-content\/uploads\/2023\/11\/vkt_Y-NOVA_white.svg","contentUrl":"https:\/\/y-nova.de\/wp-content\/uploads\/2023\/11\/vkt_Y-NOVA_white.svg","width":1251,"height":164,"caption":"Y-NOVA"},"image":{"@id":"https:\/\/y-nova.de\/#\/schema\/logo\/image\/"},"sameAs":["https:\/\/www.xing.com\/profile\/Julian_Yassine\/cv","https:\/\/www.freelancermap.de\/profil\/sap-sd-berater-231409"]}]}},"_links":{"self":[{"href":"https:\/\/y-nova.de\/en\/wp-json\/wp\/v2\/pages\/869","targetHints":{"allow":["GET"]}}],"collection":[{"href":"https:\/\/y-nova.de\/en\/wp-json\/wp\/v2\/pages"}],"about":[{"href":"https:\/\/y-nova.de\/en\/wp-json\/wp\/v2\/types\/page"}],"author":[{"embeddable":true,"href":"https:\/\/y-nova.de\/en\/wp-json\/wp\/v2\/users\/1"}],"replies":[{"embeddable":true,"href":"https:\/\/y-nova.de\/en\/wp-json\/wp\/v2\/comments?post=869"}],"version-history":[{"count":3,"href":"https:\/\/y-nova.de\/en\/wp-json\/wp\/v2\/pages\/869\/revisions"}],"predecessor-version":[{"id":1654,"href":"https:\/\/y-nova.de\/en\/wp-json\/wp\/v2\/pages\/869\/revisions\/1654"}],"wp:attachment":[{"href":"https:\/\/y-nova.de\/en\/wp-json\/wp\/v2\/media?parent=869"}],"curies":[{"name":"wp","href":"https:\/\/api.w.org\/{rel}","templated":true}]}}